{"id":938,"date":"2022-03-04T04:32:55","date_gmt":"2022-03-04T04:32:55","guid":{"rendered":"https:\/\/futurh.be\/index.php\/admission\/"},"modified":"2025-04-25T13:57:18","modified_gmt":"2025-04-25T11:57:18","slug":"admission","status":"publish","type":"page","link":"https:\/\/futurh.be\/index.php\/admission\/","title":{"rendered":"Proc\u00e9dure d&rsquo;inscription"},"content":{"rendered":"\t\t<div data-elementor-type=\"wp-page\" data-elementor-id=\"938\" class=\"elementor elementor-938\">\n\t\t\t\t\t\t<section class=\"elementor-section elementor-top-section elementor-element elementor-element-fbd8b85 elementor-section-content-middle elementor-section-boxed elementor-section-height-default elementor-section-height-default\" data-id=\"fbd8b85\" data-element_type=\"section\" data-settings=\"{&quot;background_background&quot;:&quot;classic&quot;}\">\n\t\t\t\t\t\t<div class=\"elementor-container elementor-column-gap-no\">\n\t\t\t\t\t<div class=\"elementor-column elementor-col-100 elementor-top-column elementor-element elementor-element-2be6d15\" data-id=\"2be6d15\" data-element_type=\"column\">\n\t\t\t<div class=\"elementor-widget-wrap\">\n\t\t\t\t\t\t\t<\/div>\n\t\t<\/div>\n\t\t\t\t\t<\/div>\n\t\t<\/section>\n\t\t<div class=\"elementor-element elementor-element-2e11899 e-flex e-con-boxed e-con e-parent\" data-id=\"2e11899\" data-element_type=\"container\">\n\t\t\t\t\t<div class=\"e-con-inner\">\n\t\t<div class=\"elementor-element elementor-element-e287cb3 e-con-full e-flex e-con e-child\" data-id=\"e287cb3\" data-element_type=\"container\">\n\t\t\t\t<div class=\"elementor-element elementor-element-3a036e3 elementor-widget elementor-widget-heading\" data-id=\"3a036e3\" data-element_type=\"widget\" data-widget_type=\"heading.default\">\n\t\t\t\t<div class=\"elementor-widget-container\">\n\t\t\t\t\t<h1 class=\"elementor-heading-title elementor-size-default\">Comment s'inscrire ?<\/h1>\t\t\t\t<\/div>\n\t\t\t\t<\/div>\n\t\t<div class=\"elementor-element elementor-element-53d2df3 e-con-full e-flex e-con e-child\" data-id=\"53d2df3\" data-element_type=\"container\">\n\t\t<div class=\"elementor-element elementor-element-200d230 e-con-full e-flex e-con e-child\" data-id=\"200d230\" data-element_type=\"container\">\n\t\t\t\t<div class=\"elementor-element elementor-element-d2129f4 elementor-widget elementor-widget-heading\" data-id=\"d2129f4\" data-element_type=\"widget\" data-widget_type=\"heading.default\">\n\t\t\t\t<div class=\"elementor-widget-container\">\n\t\t\t\t\t<h2 class=\"elementor-heading-title elementor-size-default\">01<\/h2>\t\t\t\t<\/div>\n\t\t\t\t<\/div>\n\t\t\t\t<div class=\"elementor-element elementor-element-d006de4 elementor-view-stacked elementor-shape-circle elementor-position-top elementor-mobile-position-top elementor-widget elementor-widget-icon-box\" data-id=\"d006de4\" data-element_type=\"widget\" data-widget_type=\"icon-box.default\">\n\t\t\t\t<div class=\"elementor-widget-container\">\n\t\t\t\t\t\t\t<div class=\"elementor-icon-box-wrapper\">\n\n\t\t\t\t\t\t<div class=\"elementor-icon-box-icon\">\n\t\t\t\t<span  class=\"elementor-icon\">\n\t\t\t\t<i aria-hidden=\"true\" class=\"fas fa-chalkboard-teacher\"><\/i>\t\t\t\t<\/span>\n\t\t\t<\/div>\n\t\t\t\n\t\t\t\t\t\t<div class=\"elementor-icon-box-content\">\n\n\t\t\t\t\t\t\t\t\t<h5 class=\"elementor-icon-box-title\">\n\t\t\t\t\t\t<span  >\n\t\t\t\t\t\t\tS\u00e9ance d'informations\t\t\t\t\t\t<\/span>\n\t\t\t\t\t<\/h5>\n\t\t\t\t\n\t\t\t\t\t\t\t\t\t<p class=\"elementor-icon-box-description\">\n\t\t\t\t\t\tPour obtenir les  renseignements sur toutes nos formations, il est n\u00e9cessaire de participer \u00e0 l'une de nos s\u00e9ances d'informations. Elles sont organis\u00e9es chaque mardi \u00e0 9h dans nos locaux et durent +- 1heure.\t\t\t\t\t<\/p>\n\t\t\t\t\n\t\t\t<\/div>\n\t\t\t\n\t\t<\/div>\n\t\t\t\t\t\t<\/div>\n\t\t\t\t<\/div>\n\t\t\t\t<\/div>\n\t\t<div class=\"elementor-element elementor-element-1d03d43 e-con-full e-flex e-con e-child\" data-id=\"1d03d43\" data-element_type=\"container\">\n\t\t\t\t<div class=\"elementor-element elementor-element-943726b elementor-widget elementor-widget-heading\" data-id=\"943726b\" data-element_type=\"widget\" data-widget_type=\"heading.default\">\n\t\t\t\t<div class=\"elementor-widget-container\">\n\t\t\t\t\t<h2 class=\"elementor-heading-title elementor-size-default\">02<\/h2>\t\t\t\t<\/div>\n\t\t\t\t<\/div>\n\t\t\t\t<div class=\"elementor-element elementor-element-bd25406 elementor-view-stacked elementor-shape-circle elementor-position-top elementor-mobile-position-top elementor-widget elementor-widget-icon-box\" data-id=\"bd25406\" data-element_type=\"widget\" data-widget_type=\"icon-box.default\">\n\t\t\t\t<div class=\"elementor-widget-container\">\n\t\t\t\t\t\t\t<div class=\"elementor-icon-box-wrapper\">\n\n\t\t\t\t\t\t<div class=\"elementor-icon-box-icon\">\n\t\t\t\t<span  class=\"elementor-icon\">\n\t\t\t\t<i aria-hidden=\"true\" class=\"far fa-sticky-note\"><\/i>\t\t\t\t<\/span>\n\t\t\t<\/div>\n\t\t\t\n\t\t\t\t\t\t<div class=\"elementor-icon-box-content\">\n\n\t\t\t\t\t\t\t\t\t<h5 class=\"elementor-icon-box-title\">\n\t\t\t\t\t\t<span  >\n\t\t\t\t\t\t\tFiche de coordonn\u00e9es\t\t\t\t\t\t<\/span>\n\t\t\t\t\t<\/h5>\n\t\t\t\t\n\t\t\t\t\t\t\t\t\t<p class=\"elementor-icon-box-description\">\n\t\t\t\t\t\tLors de la s\u00e9ance d'information, vous remplirez une fiche de renseignements avec vos coordonn\u00e9es.\t\t\t\t\t<\/p>\n\t\t\t\t\n\t\t\t<\/div>\n\t\t\t\n\t\t<\/div>\n\t\t\t\t\t\t<\/div>\n\t\t\t\t<\/div>\n\t\t\t\t<\/div>\n\t\t<div class=\"elementor-element elementor-element-9c31f96 e-con-full e-flex e-con e-child\" data-id=\"9c31f96\" data-element_type=\"container\">\n\t\t\t\t<div class=\"elementor-element elementor-element-2103c00 elementor-widget elementor-widget-heading\" data-id=\"2103c00\" data-element_type=\"widget\" data-widget_type=\"heading.default\">\n\t\t\t\t<div class=\"elementor-widget-container\">\n\t\t\t\t\t<h2 class=\"elementor-heading-title elementor-size-default\">03<\/h2>\t\t\t\t<\/div>\n\t\t\t\t<\/div>\n\t\t\t\t<div class=\"elementor-element elementor-element-7f55838 elementor-view-stacked elementor-shape-circle elementor-position-top elementor-mobile-position-top elementor-widget elementor-widget-icon-box\" data-id=\"7f55838\" data-element_type=\"widget\" data-widget_type=\"icon-box.default\">\n\t\t\t\t<div class=\"elementor-widget-container\">\n\t\t\t\t\t\t\t<div class=\"elementor-icon-box-wrapper\">\n\n\t\t\t\t\t\t<div class=\"elementor-icon-box-icon\">\n\t\t\t\t<span  class=\"elementor-icon\">\n\t\t\t\t<i aria-hidden=\"true\" class=\"far fa-handshake\"><\/i>\t\t\t\t<\/span>\n\t\t\t<\/div>\n\t\t\t\n\t\t\t\t\t\t<div class=\"elementor-icon-box-content\">\n\n\t\t\t\t\t\t\t\t\t<h5 class=\"elementor-icon-box-title\">\n\t\t\t\t\t\t<span  >\n\t\t\t\t\t\t\tEntretien de motivation\t\t\t\t\t\t<\/span>\n\t\t\t\t\t<\/h5>\n\t\t\t\t\n\t\t\t\t\t\t\t\t\t<p class=\"elementor-icon-box-description\">\n\t\t\t\t\t\tVous serez ensuite recontact\u00e9 pour un entretien de motivation, pendant lequel vous rencontrerez un membre de notre \u00e9quipe qui vous posera une s\u00e9rie de questions et v\u00e9rifiera \u00e9galement si vous rentrez bien dans les crit\u00e8res d'admission pour la formation choisie.\t\t\t\t\t<\/p>\n\t\t\t\t\n\t\t\t<\/div>\n\t\t\t\n\t\t<\/div>\n\t\t\t\t\t\t<\/div>\n\t\t\t\t<\/div>\n\t\t\t\t<\/div>\n\t\t<div class=\"elementor-element elementor-element-f3682a4 e-con-full e-flex e-con e-child\" data-id=\"f3682a4\" data-element_type=\"container\">\n\t\t\t\t<div class=\"elementor-element elementor-element-c764c37 elementor-widget elementor-widget-heading\" data-id=\"c764c37\" data-element_type=\"widget\" data-widget_type=\"heading.default\">\n\t\t\t\t<div class=\"elementor-widget-container\">\n\t\t\t\t\t<h2 class=\"elementor-heading-title elementor-size-default\">04<\/h2>\t\t\t\t<\/div>\n\t\t\t\t<\/div>\n\t\t\t\t<div class=\"elementor-element elementor-element-91c2334 elementor-view-stacked elementor-shape-circle elementor-position-top elementor-mobile-position-top elementor-widget elementor-widget-icon-box\" data-id=\"91c2334\" data-element_type=\"widget\" data-widget_type=\"icon-box.default\">\n\t\t\t\t<div class=\"elementor-widget-container\">\n\t\t\t\t\t\t\t<div class=\"elementor-icon-box-wrapper\">\n\n\t\t\t\t\t\t<div class=\"elementor-icon-box-icon\">\n\t\t\t\t<span  class=\"elementor-icon\">\n\t\t\t\t<i aria-hidden=\"true\" class=\"far fa-comments\"><\/i>\t\t\t\t<\/span>\n\t\t\t<\/div>\n\t\t\t\n\t\t\t\t\t\t<div class=\"elementor-icon-box-content\">\n\n\t\t\t\t\t\t\t\t\t<h5 class=\"elementor-icon-box-title\">\n\t\t\t\t\t\t<span  >\n\t\t\t\t\t\t\tS\u00e9lection du groupe de formation\t\t\t\t\t\t<\/span>\n\t\t\t\t\t<\/h5>\n\t\t\t\t\n\t\t\t\t\t\t\t\t\t<p class=\"elementor-icon-box-description\">\n\t\t\t\t\t\tL'\u00e9quipe se r\u00e9unit pour s\u00e9lectionner le groupe de formation en fonction des diff\u00e9rents crit\u00e8res.\t\t\t\t\t<\/p>\n\t\t\t\t\n\t\t\t<\/div>\n\t\t\t\n\t\t<\/div>\n\t\t\t\t\t\t<\/div>\n\t\t\t\t<\/div>\n\t\t\t\t<\/div>\n\t\t<div class=\"elementor-element elementor-element-d63c3d1 e-con-full e-flex e-con e-child\" data-id=\"d63c3d1\" data-element_type=\"container\">\n\t\t\t\t<div class=\"elementor-element elementor-element-31781d3 elementor-widget elementor-widget-heading\" data-id=\"31781d3\" data-element_type=\"widget\" data-widget_type=\"heading.default\">\n\t\t\t\t<div class=\"elementor-widget-container\">\n\t\t\t\t\t<h2 class=\"elementor-heading-title elementor-size-default\">05<\/h2>\t\t\t\t<\/div>\n\t\t\t\t<\/div>\n\t\t\t\t<div class=\"elementor-element elementor-element-61dd950 elementor-view-stacked elementor-shape-circle elementor-position-top elementor-mobile-position-top elementor-widget elementor-widget-icon-box\" data-id=\"61dd950\" data-element_type=\"widget\" data-widget_type=\"icon-box.default\">\n\t\t\t\t<div class=\"elementor-widget-container\">\n\t\t\t\t\t\t\t<div class=\"elementor-icon-box-wrapper\">\n\n\t\t\t\t\t\t<div class=\"elementor-icon-box-icon\">\n\t\t\t\t<span  class=\"elementor-icon\">\n\t\t\t\t<i aria-hidden=\"true\" class=\"fas fa-check-double\"><\/i>\t\t\t\t<\/span>\n\t\t\t<\/div>\n\t\t\t\n\t\t\t\t\t\t<div class=\"elementor-icon-box-content\">\n\n\t\t\t\t\t\t\t\t\t<h5 class=\"elementor-icon-box-title\">\n\t\t\t\t\t\t<span  >\n\t\t\t\t\t\t\tR\u00e9ponse de Futur H\t\t\t\t\t\t<\/span>\n\t\t\t\t\t<\/h5>\n\t\t\t\t\n\t\t\t\t\t\t\t\t\t<p class=\"elementor-icon-box-description\">\n\t\t\t\t\t\tFutur H vous recontacte par t\u00e9l\u00e9phone, mail et\/ou courrier postal pour vous informer de sa r\u00e9ponse et vous donne les modalit\u00e9s pratiques pour commencer la formation si vous \u00eates retenu.\t\t\t\t\t<\/p>\n\t\t\t\t\n\t\t\t<\/div>\n\t\t\t\n\t\t<\/div>\n\t\t\t\t\t\t<\/div>\n\t\t\t\t<\/div>\n\t\t\t\t<\/div>\n\t\t\t\t<\/div>\n\t\t\t\t<\/div>\n\t\t\t\t\t<\/div>\n\t\t\t\t<\/div>\n\t\t<div class=\"elementor-element elementor-element-492115e e-flex e-con-boxed e-con e-parent\" data-id=\"492115e\" data-element_type=\"container\">\n\t\t\t\t\t<div class=\"e-con-inner\">\n\t\t\t\t<div class=\"elementor-element elementor-element-cda0b8b elementor-align-center elementor-widget__width-initial animated-slow elementor-invisible elementor-widget elementor-widget-button\" data-id=\"cda0b8b\" data-element_type=\"widget\" data-settings=\"{&quot;_animation&quot;:&quot;pulse&quot;,&quot;_animation_delay&quot;:100}\" data-widget_type=\"button.default\">\n\t\t\t\t<div class=\"elementor-widget-container\">\n\t\t\t\t\t\t\t\t\t<div class=\"elementor-button-wrapper\">\n\t\t\t\t\t<a class=\"elementor-button elementor-button-link elementor-size-sm\" href=\"https:\/\/forms.office.com\/e\/f0Ci5jPpMp\" target=\"_blank\">\n\t\t\t\t\t\t<span class=\"elementor-button-content-wrapper\">\n\t\t\t\t\t\t\t\t\t<span class=\"elementor-button-text\">Formulaire de contact<\/span>\n\t\t\t\t\t<\/span>\n\t\t\t\t\t<\/a>\n\t\t\t\t<\/div>\n\t\t\t\t\t\t\t\t<\/div>\n\t\t\t\t<\/div>\n\t\t\t\t\t<\/div>\n\t\t\t\t<\/div>\n\t\t<div class=\"elementor-element elementor-element-62a6b09e e-con-full e-flex e-con e-parent\" data-id=\"62a6b09e\" data-element_type=\"container\">\n\t\t\t\t<div class=\"elementor-element elementor-element-87dcfa elementor-view-framed animated-slow elementor-widget__width-initial elementor-widget-mobile__width-initial elementor-shape-circle elementor-position-top elementor-mobile-position-top elementor-invisible elementor-widget elementor-widget-icon-box\" data-id=\"87dcfa\" data-element_type=\"widget\" data-settings=\"{&quot;_animation&quot;:&quot;fadeIn&quot;}\" data-widget_type=\"icon-box.default\">\n\t\t\t\t<div class=\"elementor-widget-container\">\n\t\t\t\t\t\t\t<div class=\"elementor-icon-box-wrapper\">\n\n\t\t\t\t\t\t<div class=\"elementor-icon-box-icon\">\n\t\t\t\t<a href=\"tel:+3243441773\" target=\"_blank\" class=\"elementor-icon elementor-animation-shrink\" tabindex=\"-1\" aria-label=\"T\u00e9l\u00e9phone\">\n\t\t\t\t<i aria-hidden=\"true\" class=\"fas fa-phone-volume\"><\/i>\t\t\t\t<\/a>\n\t\t\t<\/div>\n\t\t\t\n\t\t\t\t\t\t<div class=\"elementor-icon-box-content\">\n\n\t\t\t\t\t\t\t\t\t<h5 class=\"elementor-icon-box-title\">\n\t\t\t\t\t\t<a href=\"tel:+3243441773\" target=\"_blank\" >\n\t\t\t\t\t\t\tT\u00e9l\u00e9phone\t\t\t\t\t\t<\/a>\n\t\t\t\t\t<\/h5>\n\t\t\t\t\n\t\t\t\t\t\t\t\t\t<p class=\"elementor-icon-box-description\">\n\t\t\t\t\t\t04\/344 17 73\t\t\t\t\t<\/p>\n\t\t\t\t\n\t\t\t<\/div>\n\t\t\t\n\t\t<\/div>\n\t\t\t\t\t\t<\/div>\n\t\t\t\t<\/div>\n\t\t\t\t<div class=\"elementor-element elementor-element-7cc4952a elementor-view-framed animated-slow elementor-widget__width-initial elementor-widget-mobile__width-initial elementor-shape-circle elementor-position-top elementor-mobile-position-top elementor-invisible elementor-widget elementor-widget-icon-box\" data-id=\"7cc4952a\" data-element_type=\"widget\" data-settings=\"{&quot;_animation&quot;:&quot;fadeIn&quot;}\" data-widget_type=\"icon-box.default\">\n\t\t\t\t<div class=\"elementor-widget-container\">\n\t\t\t\t\t\t\t<div class=\"elementor-icon-box-wrapper\">\n\n\t\t\t\t\t\t<div class=\"elementor-icon-box-icon\">\n\t\t\t\t<a href=\"sms:+32483200803\" target=\"_blank\" class=\"elementor-icon elementor-animation-shrink\" tabindex=\"-1\" aria-label=\"SMS\">\n\t\t\t\t<i aria-hidden=\"true\" class=\"fas fa-sms\"><\/i>\t\t\t\t<\/a>\n\t\t\t<\/div>\n\t\t\t\n\t\t\t\t\t\t<div class=\"elementor-icon-box-content\">\n\n\t\t\t\t\t\t\t\t\t<h5 class=\"elementor-icon-box-title\">\n\t\t\t\t\t\t<a href=\"sms:+32483200803\" target=\"_blank\" >\n\t\t\t\t\t\t\tSMS\t\t\t\t\t\t<\/a>\n\t\t\t\t\t<\/h5>\n\t\t\t\t\n\t\t\t\t\t\t\t\t\t<p class=\"elementor-icon-box-description\">\n\t\t\t\t\t\t0483\/20 08 03\t\t\t\t\t<\/p>\n\t\t\t\t\n\t\t\t<\/div>\n\t\t\t\n\t\t<\/div>\n\t\t\t\t\t\t<\/div>\n\t\t\t\t<\/div>\n\t\t\t\t<div class=\"elementor-element elementor-element-48dfeea8 elementor-view-framed animated-slow elementor-widget__width-initial elementor-widget-mobile__width-initial elementor-shape-circle elementor-position-top elementor-mobile-position-top elementor-invisible elementor-widget elementor-widget-icon-box\" data-id=\"48dfeea8\" data-element_type=\"widget\" data-settings=\"{&quot;_animation&quot;:&quot;fadeIn&quot;}\" data-widget_type=\"icon-box.default\">\n\t\t\t\t<div class=\"elementor-widget-container\">\n\t\t\t\t\t\t\t<div class=\"elementor-icon-box-wrapper\">\n\n\t\t\t\t\t\t<div class=\"elementor-icon-box-icon\">\n\t\t\t\t<a href=\"mailto:info@futurh.be\" target=\"_blank\" class=\"elementor-icon elementor-animation-shrink\" tabindex=\"-1\" aria-label=\"Mail\">\n\t\t\t\t<i aria-hidden=\"true\" class=\"far fa-envelope\"><\/i>\t\t\t\t<\/a>\n\t\t\t<\/div>\n\t\t\t\n\t\t\t\t\t\t<div class=\"elementor-icon-box-content\">\n\n\t\t\t\t\t\t\t\t\t<h5 class=\"elementor-icon-box-title\">\n\t\t\t\t\t\t<a href=\"mailto:info@futurh.be\" target=\"_blank\" >\n\t\t\t\t\t\t\tMail\t\t\t\t\t\t<\/a>\n\t\t\t\t\t<\/h5>\n\t\t\t\t\n\t\t\t\t\t\t\t\t\t<p class=\"elementor-icon-box-description\">\n\t\t\t\t\t\tinfo@futurh.be\t\t\t\t\t<\/p>\n\t\t\t\t\n\t\t\t<\/div>\n\t\t\t\n\t\t<\/div>\n\t\t\t\t\t\t<\/div>\n\t\t\t\t<\/div>\n\t\t\t\t<\/div>\n\t\t\t\t<\/div>\n\t\t","protected":false},"excerpt":{"rendered":"<p>Comment s&rsquo;inscrire ? 01 S\u00e9ance d&rsquo;informations Pour obtenir les renseignements sur toutes nos formations, il est n\u00e9cessaire de participer \u00e0 l&rsquo;une de nos s\u00e9ances d&rsquo;informations. Elles sont organis\u00e9es chaque mardi \u00e0 9h dans nos locaux et durent +- 1heure. 02 Fiche de coordonn\u00e9es Lors de la s\u00e9ance d&rsquo;information, vous remplirez une fiche de renseignements avec [&hellip;]<\/p>\n","protected":false},"author":1,"featured_media":0,"parent":0,"menu_order":0,"comment_status":"closed","ping_status":"closed","template":"","meta":{"site-sidebar-layout":"no-sidebar","site-content-layout":"page-builder","ast-site-content-layout":"","site-content-style":"default","site-sidebar-style":"default","ast-global-header-display":"","ast-banner-title-visibility":"","ast-main-header-display":"","ast-hfb-above-header-display":"","ast-hfb-below-header-display":"","ast-hfb-mobile-header-display":"","site-post-title":"disabled","ast-breadcrumbs-content":"","ast-featured-img":"disabled","footer-sml-layout":"","theme-transparent-header-meta":"enabled","adv-header-id-meta":"","stick-header-meta":"","header-above-stick-meta":"","header-main-stick-meta":"","header-below-stick-meta":"","astra-migrate-meta-layouts":"default","ast-page-background-enabled":"default","ast-page-background-meta":{"desktop":{"background-color":"var(--ast-global-color-4)","background-image":"","background-repeat":"repeat","background-position":"center center","background-size":"auto","background-attachment":"scroll","background-type":"","background-media":"","overlay-type":"","overlay-color":"","overlay-opacity":"","overlay-gradient":""},"tablet":{"background-color":"","background-image":"","background-repeat":"repeat","background-position":"center center","background-size":"auto","background-attachment":"scroll","background-type":"","background-media":"","overlay-type":"","overlay-color":"","overlay-opacity":"","overlay-gradient":""},"mobile":{"background-color":"","background-image":"","background-repeat":"repeat","background-position":"center center","background-size":"auto","background-attachment":"scroll","background-type":"","background-media":"","overlay-type":"","overlay-color":"","overlay-opacity":"","overlay-gradient":""}},"ast-content-background-meta":{"desktop":{"background-color":"var(--ast-global-color-5)","background-image":"","background-repeat":"repeat","background-position":"center center","background-size":"auto","background-attachment":"scroll","background-type":"","background-media":"","overlay-type":"","overlay-color":"","overlay-opacity":"","overlay-gradient":""},"tablet":{"background-color":"var(--ast-global-color-5)","background-image":"","background-repeat":"repeat","background-position":"center center","background-size":"auto","background-attachment":"scroll","background-type":"","background-media":"","overlay-type":"","overlay-color":"","overlay-opacity":"","overlay-gradient":""},"mobile":{"background-color":"var(--ast-global-color-5)","background-image":"","background-repeat":"repeat","background-position":"center center","background-size":"auto","background-attachment":"scroll","background-type":"","background-media":"","overlay-type":"","overlay-color":"","overlay-opacity":"","overlay-gradient":""}},"footnotes":""},"class_list":["post-938","page","type-page","status-publish","hentry"],"yoast_head":"<!-- This site is optimized with the Yoast SEO plugin v25.8 - https:\/\/yoast.com\/wordpress\/plugins\/seo\/ -->\n<title>Proc\u00e9dure d&#039;inscription - Futur H<\/title>\n<meta name=\"robots\" content=\"index, follow, max-snippet:-1, max-image-preview:large, max-video-preview:-1\" \/>\n<link rel=\"canonical\" href=\"https:\/\/futurh.be\/index.php\/admission\/\" \/>\n<meta property=\"og:locale\" content=\"fr_FR\" \/>\n<meta property=\"og:type\" content=\"article\" \/>\n<meta property=\"og:title\" content=\"Proc\u00e9dure d&#039;inscription - Futur H\" \/>\n<meta property=\"og:description\" content=\"Comment s&rsquo;inscrire ? 01 S\u00e9ance d&rsquo;informations Pour obtenir les renseignements sur toutes nos formations, il est n\u00e9cessaire de participer \u00e0 l&rsquo;une de nos s\u00e9ances d&rsquo;informations. Elles sont organis\u00e9es chaque mardi \u00e0 9h dans nos locaux et durent +- 1heure. 02 Fiche de coordonn\u00e9es Lors de la s\u00e9ance d&rsquo;information, vous remplirez une fiche de renseignements avec [&hellip;]\" \/>\n<meta property=\"og:url\" content=\"https:\/\/futurh.be\/index.php\/admission\/\" \/>\n<meta property=\"og:site_name\" content=\"Futur H\" \/>\n<meta property=\"article:publisher\" content=\"https:\/\/www.facebook.com\/asbl.Futur.H\" \/>\n<meta property=\"article:modified_time\" content=\"2025-04-25T11:57:18+00:00\" \/>\n<meta property=\"og:image\" content=\"https:\/\/futurh.be\/wp-content\/uploads\/2023\/07\/LOGO_FUTUR-H-e1690377212662.png\" \/>\n\t<meta property=\"og:image:width\" content=\"350\" \/>\n\t<meta property=\"og:image:height\" content=\"298\" \/>\n\t<meta property=\"og:image:type\" content=\"image\/png\" \/>\n<meta name=\"twitter:card\" content=\"summary_large_image\" \/>\n<meta name=\"twitter:label1\" content=\"Dur\u00e9e de lecture estim\u00e9e\" \/>\n\t<meta name=\"twitter:data1\" content=\"1 minute\" \/>\n<script type=\"application\/ld+json\" class=\"yoast-schema-graph\">{\"@context\":\"https:\/\/schema.org\",\"@graph\":[{\"@type\":\"WebPage\",\"@id\":\"https:\/\/futurh.be\/index.php\/admission\/\",\"url\":\"https:\/\/futurh.be\/index.php\/admission\/\",\"name\":\"Proc\u00e9dure d'inscription - Futur H\",\"isPartOf\":{\"@id\":\"https:\/\/futurh.be\/#website\"},\"datePublished\":\"2022-03-04T04:32:55+00:00\",\"dateModified\":\"2025-04-25T11:57:18+00:00\",\"breadcrumb\":{\"@id\":\"https:\/\/futurh.be\/index.php\/admission\/#breadcrumb\"},\"inLanguage\":\"fr-FR\",\"potentialAction\":[{\"@type\":\"ReadAction\",\"target\":[\"https:\/\/futurh.be\/index.php\/admission\/\"]}]},{\"@type\":\"BreadcrumbList\",\"@id\":\"https:\/\/futurh.be\/index.php\/admission\/#breadcrumb\",\"itemListElement\":[{\"@type\":\"ListItem\",\"position\":1,\"name\":\"Accueil\",\"item\":\"https:\/\/futurh.be\/\"},{\"@type\":\"ListItem\",\"position\":2,\"name\":\"Proc\u00e9dure d&rsquo;inscription\"}]},{\"@type\":\"WebSite\",\"@id\":\"https:\/\/futurh.be\/#website\",\"url\":\"https:\/\/futurh.be\/\",\"name\":\"Futur H\",\"description\":\"\",\"publisher\":{\"@id\":\"https:\/\/futurh.be\/#organization\"},\"potentialAction\":[{\"@type\":\"SearchAction\",\"target\":{\"@type\":\"EntryPoint\",\"urlTemplate\":\"https:\/\/futurh.be\/?s={search_term_string}\"},\"query-input\":{\"@type\":\"PropertyValueSpecification\",\"valueRequired\":true,\"valueName\":\"search_term_string\"}}],\"inLanguage\":\"fr-FR\"},{\"@type\":\"Organization\",\"@id\":\"https:\/\/futurh.be\/#organization\",\"name\":\"FUTUR H ASBL\",\"url\":\"https:\/\/futurh.be\/\",\"logo\":{\"@type\":\"ImageObject\",\"inLanguage\":\"fr-FR\",\"@id\":\"https:\/\/futurh.be\/#\/schema\/logo\/image\/\",\"url\":\"https:\/\/futurh.be\/wp-content\/uploads\/2023\/07\/LOGO_FUTUR-H-e1690377212662.png\",\"contentUrl\":\"https:\/\/futurh.be\/wp-content\/uploads\/2023\/07\/LOGO_FUTUR-H-e1690377212662.png\",\"width\":350,\"height\":298,\"caption\":\"FUTUR H ASBL\"},\"image\":{\"@id\":\"https:\/\/futurh.be\/#\/schema\/logo\/image\/\"},\"sameAs\":[\"https:\/\/www.facebook.com\/asbl.Futur.H\",\"https:\/\/www.linkedin.com\/in\/futur-h-asbl-818496221\/\"]}]}<\/script>\n<!-- \/ Yoast SEO plugin. -->","yoast_head_json":{"title":"Proc\u00e9dure d'inscription - Futur H","robots":{"index":"index","follow":"follow","max-snippet":"max-snippet:-1","max-image-preview":"max-image-preview:large","max-video-preview":"max-video-preview:-1"},"canonical":"https:\/\/futurh.be\/index.php\/admission\/","og_locale":"fr_FR","og_type":"article","og_title":"Proc\u00e9dure d'inscription - Futur H","og_description":"Comment s&rsquo;inscrire ? 01 S\u00e9ance d&rsquo;informations Pour obtenir les renseignements sur toutes nos formations, il est n\u00e9cessaire de participer \u00e0 l&rsquo;une de nos s\u00e9ances d&rsquo;informations. Elles sont organis\u00e9es chaque mardi \u00e0 9h dans nos locaux et durent +- 1heure. 02 Fiche de coordonn\u00e9es Lors de la s\u00e9ance d&rsquo;information, vous remplirez une fiche de renseignements avec [&hellip;]","og_url":"https:\/\/futurh.be\/index.php\/admission\/","og_site_name":"Futur H","article_publisher":"https:\/\/www.facebook.com\/asbl.Futur.H","article_modified_time":"2025-04-25T11:57:18+00:00","og_image":[{"width":350,"height":298,"url":"https:\/\/futurh.be\/wp-content\/uploads\/2023\/07\/LOGO_FUTUR-H-e1690377212662.png","type":"image\/png"}],"twitter_card":"summary_large_image","twitter_misc":{"Dur\u00e9e de lecture estim\u00e9e":"1 minute"},"schema":{"@context":"https:\/\/schema.org","@graph":[{"@type":"WebPage","@id":"https:\/\/futurh.be\/index.php\/admission\/","url":"https:\/\/futurh.be\/index.php\/admission\/","name":"Proc\u00e9dure d'inscription - Futur H","isPartOf":{"@id":"https:\/\/futurh.be\/#website"},"datePublished":"2022-03-04T04:32:55+00:00","dateModified":"2025-04-25T11:57:18+00:00","breadcrumb":{"@id":"https:\/\/futurh.be\/index.php\/admission\/#breadcrumb"},"inLanguage":"fr-FR","potentialAction":[{"@type":"ReadAction","target":["https:\/\/futurh.be\/index.php\/admission\/"]}]},{"@type":"BreadcrumbList","@id":"https:\/\/futurh.be\/index.php\/admission\/#breadcrumb","itemListElement":[{"@type":"ListItem","position":1,"name":"Accueil","item":"https:\/\/futurh.be\/"},{"@type":"ListItem","position":2,"name":"Proc\u00e9dure d&rsquo;inscription"}]},{"@type":"WebSite","@id":"https:\/\/futurh.be\/#website","url":"https:\/\/futurh.be\/","name":"Futur H","description":"","publisher":{"@id":"https:\/\/futurh.be\/#organization"},"potentialAction":[{"@type":"SearchAction","target":{"@type":"EntryPoint","urlTemplate":"https:\/\/futurh.be\/?s={search_term_string}"},"query-input":{"@type":"PropertyValueSpecification","valueRequired":true,"valueName":"search_term_string"}}],"inLanguage":"fr-FR"},{"@type":"Organization","@id":"https:\/\/futurh.be\/#organization","name":"FUTUR H ASBL","url":"https:\/\/futurh.be\/","logo":{"@type":"ImageObject","inLanguage":"fr-FR","@id":"https:\/\/futurh.be\/#\/schema\/logo\/image\/","url":"https:\/\/futurh.be\/wp-content\/uploads\/2023\/07\/LOGO_FUTUR-H-e1690377212662.png","contentUrl":"https:\/\/futurh.be\/wp-content\/uploads\/2023\/07\/LOGO_FUTUR-H-e1690377212662.png","width":350,"height":298,"caption":"FUTUR H ASBL"},"image":{"@id":"https:\/\/futurh.be\/#\/schema\/logo\/image\/"},"sameAs":["https:\/\/www.facebook.com\/asbl.Futur.H","https:\/\/www.linkedin.com\/in\/futur-h-asbl-818496221\/"]}]}},"_links":{"self":[{"href":"https:\/\/futurh.be\/index.php\/wp-json\/wp\/v2\/pages\/938","targetHints":{"allow":["GET"]}}],"collection":[{"href":"https:\/\/futurh.be\/index.php\/wp-json\/wp\/v2\/pages"}],"about":[{"href":"https:\/\/futurh.be\/index.php\/wp-json\/wp\/v2\/types\/page"}],"author":[{"embeddable":true,"href":"https:\/\/futurh.be\/index.php\/wp-json\/wp\/v2\/users\/1"}],"replies":[{"embeddable":true,"href":"https:\/\/futurh.be\/index.php\/wp-json\/wp\/v2\/comments?post=938"}],"version-history":[{"count":47,"href":"https:\/\/futurh.be\/index.php\/wp-json\/wp\/v2\/pages\/938\/revisions"}],"predecessor-version":[{"id":2618,"href":"https:\/\/futurh.be\/index.php\/wp-json\/wp\/v2\/pages\/938\/revisions\/2618"}],"wp:attachment":[{"href":"https:\/\/futurh.be\/index.php\/wp-json\/wp\/v2\/media?parent=938"}],"curies":[{"name":"wp","href":"https:\/\/api.w.org\/{rel}","templated":true}]}}