{"id":1657,"date":"2023-08-24T14:55:57","date_gmt":"2023-08-24T12:55:57","guid":{"rendered":"https:\/\/futurh.be\/?page_id=1657"},"modified":"2025-09-04T13:31:09","modified_gmt":"2025-09-04T11:31:09","slug":"plan-et-acces","status":"publish","type":"page","link":"https:\/\/futurh.be\/index.php\/plan-et-acces\/","title":{"rendered":"Plan et acc\u00e8s"},"content":{"rendered":"\t\t<div data-elementor-type=\"wp-page\" data-elementor-id=\"1657\" class=\"elementor elementor-1657\">\n\t\t\t\t<div class=\"elementor-element elementor-element-6cb579e e-flex e-con-boxed e-con e-parent\" data-id=\"6cb579e\" data-element_type=\"container\">\n\t\t\t\t\t<div class=\"e-con-inner\">\n\t\t\t\t\t<\/div>\n\t\t\t\t<\/div>\n\t\t<div class=\"elementor-element elementor-element-092b314 e-flex e-con-boxed e-con e-parent\" data-id=\"092b314\" data-element_type=\"container\">\n\t\t\t\t\t<div class=\"e-con-inner\">\n\t\t<div class=\"elementor-element elementor-element-1acdd16 e-con-full e-flex e-con e-child\" data-id=\"1acdd16\" data-element_type=\"container\">\n\t\t\t\t<div class=\"elementor-element elementor-element-669026c elementor-widget elementor-widget-text-editor\" data-id=\"669026c\" data-element_type=\"widget\" data-widget_type=\"text-editor.default\">\n\t\t\t\t<div class=\"elementor-widget-container\">\n\t\t\t\t\t\t\t\t\t<section id=\"block-15\" class=\"widget widget_block\"><h5 class=\"wp-block-heading\" style=\"text-align: center;\">Futur H ASBL<\/h5><p class=\"wp-block-heading\" style=\"text-align: center;\">Rue Fosse-Aux-Raines, 38<\/p><p class=\"wp-block-heading\" style=\"text-align: center;\">4020 Li\u00e8ge<\/p><p style=\"text-align: center;\">Ouvert du lundi au vendredi<\/p><p style=\"text-align: center;\">de 8h30 \u00e0 16h30<\/p><\/section>\t\t\t\t\t\t\t\t<\/div>\n\t\t\t\t<\/div>\n\t\t\t\t<\/div>\n\t\t<div class=\"elementor-element elementor-element-a02de56 e-con-full animated-slow e-flex elementor-invisible e-con e-child\" data-id=\"a02de56\" data-element_type=\"container\" data-settings=\"{&quot;animation&quot;:&quot;fadeIn&quot;}\">\n\t\t\t\t<div class=\"elementor-element elementor-element-b9f15bd elementor-widget elementor-widget-image\" data-id=\"b9f15bd\" data-element_type=\"widget\" data-widget_type=\"image.default\">\n\t\t\t\t<div class=\"elementor-widget-container\">\n\t\t\t\t\t\t\t\t\t\t\t\t\t\t\t<img fetchpriority=\"high\" decoding=\"async\" width=\"768\" height=\"1365\" src=\"https:\/\/futurh.be\/wp-content\/uploads\/2023\/07\/Futur-H-facade-2023-768x1365.jpeg\" class=\"attachment-medium_large size-medium_large wp-image-1469\" alt=\"\" srcset=\"https:\/\/futurh.be\/wp-content\/uploads\/2023\/07\/Futur-H-facade-2023-768x1365.jpeg 768w, https:\/\/futurh.be\/wp-content\/uploads\/2023\/07\/Futur-H-facade-2023-169x300.jpeg 169w, https:\/\/futurh.be\/wp-content\/uploads\/2023\/07\/Futur-H-facade-2023-576x1024.jpeg 576w, https:\/\/futurh.be\/wp-content\/uploads\/2023\/07\/Futur-H-facade-2023-864x1536.jpeg 864w, https:\/\/futurh.be\/wp-content\/uploads\/2023\/07\/Futur-H-facade-2023-1152x2048.jpeg 1152w, https:\/\/futurh.be\/wp-content\/uploads\/2023\/07\/Futur-H-facade-2023-scaled.jpeg 1440w\" sizes=\"(max-width: 768px) 100vw, 768px\" \/>\t\t\t\t\t\t\t\t\t\t\t\t\t\t\t<\/div>\n\t\t\t\t<\/div>\n\t\t\t\t<\/div>\n\t\t\t\t\t<\/div>\n\t\t\t\t<\/div>\n\t\t<div class=\"elementor-element elementor-element-6df11ff e-flex e-con-boxed e-con e-parent\" data-id=\"6df11ff\" data-element_type=\"container\">\n\t\t\t\t\t<div class=\"e-con-inner\">\n\t\t\t\t<div class=\"elementor-element elementor-element-7337474 elementor-widget elementor-widget-text-editor\" data-id=\"7337474\" data-element_type=\"widget\" data-widget_type=\"text-editor.default\">\n\t\t\t\t<div class=\"elementor-widget-container\">\n\t\t\t\t\t\t\t\t\t<p>ITIN\u00c9RAIRES ROUTIERS ET TRANSPORTS EN COMMUN<\/p><p><strong>En train :<\/strong><br \/>Les gares SNCB les plus proches sont celles de Li\u00e8ge-Guillemins et de Li\u00e8ge-Saint Lambert.\u00a0\u00a0<\/p><p>Consultez les horaires en cliquant ici :\u00a0<a href=\"http:\/\/www.belgianrail.be\/\" target=\"_blank\" rel=\"noopener\">http:\/\/www.belgianrail.be\/<\/a><\/p><p><strong>En bus :<\/strong><br \/>Arr\u00eat rue J. d&rsquo;Outremeuse:\u00a0<\/p><ul><li>Ligne 6: Guillemins &#8211; M\u00e9diacit\u00e9 &#8211; Bavi\u00e8re &#8211; Coronmeuse<\/li><\/ul><p>Arr\u00eat Monument Tchanch\u00e8s:\u00a0<\/p><ul><li>Ligne 24: L\u00e9opold &#8211; Grivegn\u00e9e &#8211; Malvaux &#8211; Les Bruy\u00e8res<\/li><li>Ligne 4: L\u00e9opold &#8211; Robermont &#8211; Beyne Heusay &#8211; Fl\u00e9ron<\/li><\/ul><p>Arr\u00eat \u00c9glise Saint Pholien :\u00a0<\/p><ul><li>Ligne 33: Bavi\u00e8re &#8211; Saint Lambert &#8211; Citadelle &#8211; Vottem &#8211; Milmort<\/li><li>Ligne 39: Bressoux &#8211; Bavi\u00e8re &#8211; Saint Lambert &#8211; P+R Vottem<\/li><li>Ligne 73: Li\u00e8ge &#8211; Rocourt &#8211; Liers &#8211; Slins &#8211; Glons<\/li><\/ul><p>Arr\u00eat rue G. Simenon:\u00a0<\/p><ul><li>Ligne 11: Bressoux &#8211; Saint Lambert &#8211; Rocourt<\/li><\/ul><p>Consultez les horaires en cliquant ici :\u00a0<a href=\"http:\/\/www.infotec.be\/\" target=\"_blank\" rel=\"noopener\">www.infotec.be<\/a><\/p><p><strong>En voiture :<\/strong><br \/>FUTUR H se situe dans le quartier d&rsquo;Outremeuse, pr\u00e8s du boulevard de la Constitution et de la rue Puits-en-Sock.<\/p><p>De nombreuses places de parking se trouvent dans les environs, certaines payantes, d&rsquo;autres gratuites.\u00a0<\/p><p><span style=\"font-style: inherit; font-weight: inherit; text-align: var(--text-align); background-color: var(--ast-global-color-4); color: var(--ast-global-color-3);\">Attention aux emplacements riverains&#8230;<\/span><\/p>\t\t\t\t\t\t\t\t<\/div>\n\t\t\t\t<\/div>\n\t\t\t\t\t<\/div>\n\t\t\t\t<\/div>\n\t\t<div class=\"elementor-element elementor-element-ce62a54 e-flex e-con-boxed e-con e-parent\" data-id=\"ce62a54\" data-element_type=\"container\">\n\t\t\t\t\t<div class=\"e-con-inner\">\n\t\t\t\t<div class=\"elementor-element elementor-element-49a94bf elementor-widget-divider--view-line elementor-widget elementor-widget-divider\" data-id=\"49a94bf\" data-element_type=\"widget\" data-widget_type=\"divider.default\">\n\t\t\t\t<div class=\"elementor-widget-container\">\n\t\t\t\t\t\t\t<div class=\"elementor-divider\">\n\t\t\t<span class=\"elementor-divider-separator\">\n\t\t\t\t\t\t<\/span>\n\t\t<\/div>\n\t\t\t\t\t\t<\/div>\n\t\t\t\t<\/div>\n\t\t\t\t\t<\/div>\n\t\t\t\t<\/div>\n\t\t<div class=\"elementor-element elementor-element-0bd7552 e-flex e-con-boxed e-con e-parent\" data-id=\"0bd7552\" data-element_type=\"container\">\n\t\t\t\t\t<div class=\"e-con-inner\">\n\t\t\t\t<div class=\"elementor-element elementor-element-617725a elementor-widget elementor-widget-google_maps\" data-id=\"617725a\" data-element_type=\"widget\" data-widget_type=\"google_maps.default\">\n\t\t\t\t<div class=\"elementor-widget-container\">\n\t\t\t\t\t\t\t<div class=\"elementor-custom-embed\">\n\t\t\t<iframe loading=\"lazy\"\n\t\t\t\t\tsrc=\"https:\/\/maps.google.com\/maps?q=rue%20fosse%20aux%20raines%2038%20&#038;t=m&#038;z=15&#038;output=embed&#038;iwloc=near\"\n\t\t\t\t\ttitle=\"rue fosse aux raines 38 \"\n\t\t\t\t\taria-label=\"rue fosse aux raines 38 \"\n\t\t\t><\/iframe>\n\t\t<\/div>\n\t\t\t\t\t\t<\/div>\n\t\t\t\t<\/div>\n\t\t\t\t\t<\/div>\n\t\t\t\t<\/div>\n\t\t<div class=\"elementor-element elementor-element-cbdc60f e-flex e-con-boxed e-con e-parent\" data-id=\"cbdc60f\" data-element_type=\"container\">\n\t\t\t\t\t<div class=\"e-con-inner\">\n\t\t\t\t<div class=\"elementor-element elementor-element-ac9b54e elementor-widget-divider--view-line elementor-widget elementor-widget-divider\" data-id=\"ac9b54e\" data-element_type=\"widget\" data-widget_type=\"divider.default\">\n\t\t\t\t<div class=\"elementor-widget-container\">\n\t\t\t\t\t\t\t<div class=\"elementor-divider\">\n\t\t\t<span class=\"elementor-divider-separator\">\n\t\t\t\t\t\t<\/span>\n\t\t<\/div>\n\t\t\t\t\t\t<\/div>\n\t\t\t\t<\/div>\n\t\t\t\t\t<\/div>\n\t\t\t\t<\/div>\n\t\t\t\t<\/div>\n\t\t","protected":false},"excerpt":{"rendered":"<p>Futur H ASBL Rue Fosse-Aux-Raines, 38 4020 Li\u00e8ge Ouvert du lundi au vendredi de 8h30 \u00e0 16h30 ITIN\u00c9RAIRES ROUTIERS ET TRANSPORTS EN COMMUN En train :Les gares SNCB les plus proches sont celles de Li\u00e8ge-Guillemins et de Li\u00e8ge-Saint Lambert.\u00a0\u00a0 Consultez les horaires en cliquant ici :\u00a0http:\/\/www.belgianrail.be\/ En bus :Arr\u00eat rue J. d&rsquo;Outremeuse:\u00a0 Ligne 6: Guillemins [&hellip;]<\/p>\n","protected":false},"author":1,"featured_media":0,"parent":0,"menu_order":0,"comment_status":"closed","ping_status":"closed","template":"","meta":{"site-sidebar-layout":"no-sidebar","site-content-layout":"page-builder","ast-site-content-layout":"default","site-content-style":"default","site-sidebar-style":"default","ast-global-header-display":"","ast-banner-title-visibility":"","ast-main-header-display":"","ast-hfb-above-header-display":"","ast-hfb-below-header-display":"","ast-hfb-mobile-header-display":"","site-post-title":"disabled","ast-breadcrumbs-content":"","ast-featured-img":"disabled","footer-sml-layout":"","theme-transparent-header-meta":"","adv-header-id-meta":"","stick-header-meta":"","header-above-stick-meta":"","header-main-stick-meta":"","header-below-stick-meta":"","astra-migrate-meta-layouts":"set","ast-page-background-enabled":"default","ast-page-background-meta":{"desktop":{"background-color":"var(--ast-global-color-4)","background-image":"","background-repeat":"repeat","background-position":"center center","background-size":"auto","background-attachment":"scroll","background-type":"","background-media":"","overlay-type":"","overlay-color":"","overlay-opacity":"","overlay-gradient":""},"tablet":{"background-color":"","background-image":"","background-repeat":"repeat","background-position":"center center","background-size":"auto","background-attachment":"scroll","background-type":"","background-media":"","overlay-type":"","overlay-color":"","overlay-opacity":"","overlay-gradient":""},"mobile":{"background-color":"","background-image":"","background-repeat":"repeat","background-position":"center center","background-size":"auto","background-attachment":"scroll","background-type":"","background-media":"","overlay-type":"","overlay-color":"","overlay-opacity":"","overlay-gradient":""}},"ast-content-background-meta":{"desktop":{"background-color":"var(--ast-global-color-5)","background-image":"","background-repeat":"repeat","background-position":"center center","background-size":"auto","background-attachment":"scroll","background-type":"","background-media":"","overlay-type":"","overlay-color":"","overlay-opacity":"","overlay-gradient":""},"tablet":{"background-color":"var(--ast-global-color-5)","background-image":"","background-repeat":"repeat","background-position":"center center","background-size":"auto","background-attachment":"scroll","background-type":"","background-media":"","overlay-type":"","overlay-color":"","overlay-opacity":"","overlay-gradient":""},"mobile":{"background-color":"var(--ast-global-color-5)","background-image":"","background-repeat":"repeat","background-position":"center center","background-size":"auto","background-attachment":"scroll","background-type":"","background-media":"","overlay-type":"","overlay-color":"","overlay-opacity":"","overlay-gradient":""}},"footnotes":""},"class_list":["post-1657","page","type-page","status-publish","hentry"],"yoast_head":"<!-- This site is optimized with the Yoast SEO plugin v25.8 - https:\/\/yoast.com\/wordpress\/plugins\/seo\/ -->\n<title>Plan et acc\u00e8s - Futur H<\/title>\n<meta name=\"robots\" content=\"index, follow, max-snippet:-1, max-image-preview:large, max-video-preview:-1\" \/>\n<link rel=\"canonical\" href=\"https:\/\/futurh.be\/index.php\/plan-et-acces\/\" \/>\n<meta property=\"og:locale\" content=\"fr_FR\" \/>\n<meta property=\"og:type\" content=\"article\" \/>\n<meta property=\"og:title\" content=\"Plan et acc\u00e8s - Futur H\" \/>\n<meta property=\"og:description\" content=\"Futur H ASBL Rue Fosse-Aux-Raines, 38 4020 Li\u00e8ge Ouvert du lundi au vendredi de 8h30 \u00e0 16h30 ITIN\u00c9RAIRES ROUTIERS ET TRANSPORTS EN COMMUN En train :Les gares SNCB les plus proches sont celles de Li\u00e8ge-Guillemins et de Li\u00e8ge-Saint Lambert.\u00a0\u00a0 Consultez les horaires en cliquant ici :\u00a0http:\/\/www.belgianrail.be\/ En bus :Arr\u00eat rue J. d&rsquo;Outremeuse:\u00a0 Ligne 6: Guillemins [&hellip;]\" \/>\n<meta property=\"og:url\" content=\"https:\/\/futurh.be\/index.php\/plan-et-acces\/\" \/>\n<meta property=\"og:site_name\" content=\"Futur H\" \/>\n<meta property=\"article:publisher\" content=\"https:\/\/www.facebook.com\/asbl.Futur.H\" \/>\n<meta property=\"article:modified_time\" content=\"2025-09-04T11:31:09+00:00\" \/>\n<meta property=\"og:image\" content=\"https:\/\/futurh.be\/wp-content\/uploads\/2023\/07\/Futur-H-facade-2023-scaled.jpeg\" \/>\n\t<meta property=\"og:image:width\" content=\"1440\" \/>\n\t<meta property=\"og:image:height\" content=\"2560\" \/>\n\t<meta property=\"og:image:type\" content=\"image\/jpeg\" \/>\n<meta name=\"twitter:card\" content=\"summary_large_image\" \/>\n<meta name=\"twitter:label1\" content=\"Dur\u00e9e de lecture estim\u00e9e\" \/>\n\t<meta name=\"twitter:data1\" content=\"2 minutes\" \/>\n<script type=\"application\/ld+json\" class=\"yoast-schema-graph\">{\"@context\":\"https:\/\/schema.org\",\"@graph\":[{\"@type\":\"WebPage\",\"@id\":\"https:\/\/futurh.be\/index.php\/plan-et-acces\/\",\"url\":\"https:\/\/futurh.be\/index.php\/plan-et-acces\/\",\"name\":\"Plan et acc\u00e8s - Futur H\",\"isPartOf\":{\"@id\":\"https:\/\/futurh.be\/#website\"},\"primaryImageOfPage\":{\"@id\":\"https:\/\/futurh.be\/index.php\/plan-et-acces\/#primaryimage\"},\"image\":{\"@id\":\"https:\/\/futurh.be\/index.php\/plan-et-acces\/#primaryimage\"},\"thumbnailUrl\":\"https:\/\/futurh.be\/wp-content\/uploads\/2023\/07\/Futur-H-facade-2023-768x1365.jpeg\",\"datePublished\":\"2023-08-24T12:55:57+00:00\",\"dateModified\":\"2025-09-04T11:31:09+00:00\",\"breadcrumb\":{\"@id\":\"https:\/\/futurh.be\/index.php\/plan-et-acces\/#breadcrumb\"},\"inLanguage\":\"fr-FR\",\"potentialAction\":[{\"@type\":\"ReadAction\",\"target\":[\"https:\/\/futurh.be\/index.php\/plan-et-acces\/\"]}]},{\"@type\":\"ImageObject\",\"inLanguage\":\"fr-FR\",\"@id\":\"https:\/\/futurh.be\/index.php\/plan-et-acces\/#primaryimage\",\"url\":\"https:\/\/futurh.be\/wp-content\/uploads\/2023\/07\/Futur-H-facade-2023-768x1365.jpeg\",\"contentUrl\":\"https:\/\/futurh.be\/wp-content\/uploads\/2023\/07\/Futur-H-facade-2023-768x1365.jpeg\"},{\"@type\":\"BreadcrumbList\",\"@id\":\"https:\/\/futurh.be\/index.php\/plan-et-acces\/#breadcrumb\",\"itemListElement\":[{\"@type\":\"ListItem\",\"position\":1,\"name\":\"Accueil\",\"item\":\"https:\/\/futurh.be\/\"},{\"@type\":\"ListItem\",\"position\":2,\"name\":\"Plan et acc\u00e8s\"}]},{\"@type\":\"WebSite\",\"@id\":\"https:\/\/futurh.be\/#website\",\"url\":\"https:\/\/futurh.be\/\",\"name\":\"Futur H\",\"description\":\"\",\"publisher\":{\"@id\":\"https:\/\/futurh.be\/#organization\"},\"potentialAction\":[{\"@type\":\"SearchAction\",\"target\":{\"@type\":\"EntryPoint\",\"urlTemplate\":\"https:\/\/futurh.be\/?s={search_term_string}\"},\"query-input\":{\"@type\":\"PropertyValueSpecification\",\"valueRequired\":true,\"valueName\":\"search_term_string\"}}],\"inLanguage\":\"fr-FR\"},{\"@type\":\"Organization\",\"@id\":\"https:\/\/futurh.be\/#organization\",\"name\":\"FUTUR H ASBL\",\"url\":\"https:\/\/futurh.be\/\",\"logo\":{\"@type\":\"ImageObject\",\"inLanguage\":\"fr-FR\",\"@id\":\"https:\/\/futurh.be\/#\/schema\/logo\/image\/\",\"url\":\"https:\/\/futurh.be\/wp-content\/uploads\/2023\/07\/LOGO_FUTUR-H-e1690377212662.png\",\"contentUrl\":\"https:\/\/futurh.be\/wp-content\/uploads\/2023\/07\/LOGO_FUTUR-H-e1690377212662.png\",\"width\":350,\"height\":298,\"caption\":\"FUTUR H ASBL\"},\"image\":{\"@id\":\"https:\/\/futurh.be\/#\/schema\/logo\/image\/\"},\"sameAs\":[\"https:\/\/www.facebook.com\/asbl.Futur.H\",\"https:\/\/www.linkedin.com\/in\/futur-h-asbl-818496221\/\"]}]}<\/script>\n<!-- \/ Yoast SEO plugin. -->","yoast_head_json":{"title":"Plan et acc\u00e8s - Futur H","robots":{"index":"index","follow":"follow","max-snippet":"max-snippet:-1","max-image-preview":"max-image-preview:large","max-video-preview":"max-video-preview:-1"},"canonical":"https:\/\/futurh.be\/index.php\/plan-et-acces\/","og_locale":"fr_FR","og_type":"article","og_title":"Plan et acc\u00e8s - Futur H","og_description":"Futur H ASBL Rue Fosse-Aux-Raines, 38 4020 Li\u00e8ge Ouvert du lundi au vendredi de 8h30 \u00e0 16h30 ITIN\u00c9RAIRES ROUTIERS ET TRANSPORTS EN COMMUN En train :Les gares SNCB les plus proches sont celles de Li\u00e8ge-Guillemins et de Li\u00e8ge-Saint Lambert.\u00a0\u00a0 Consultez les horaires en cliquant ici :\u00a0http:\/\/www.belgianrail.be\/ En bus :Arr\u00eat rue J. d&rsquo;Outremeuse:\u00a0 Ligne 6: Guillemins [&hellip;]","og_url":"https:\/\/futurh.be\/index.php\/plan-et-acces\/","og_site_name":"Futur H","article_publisher":"https:\/\/www.facebook.com\/asbl.Futur.H","article_modified_time":"2025-09-04T11:31:09+00:00","og_image":[{"width":1440,"height":2560,"url":"https:\/\/futurh.be\/wp-content\/uploads\/2023\/07\/Futur-H-facade-2023-scaled.jpeg","type":"image\/jpeg"}],"twitter_card":"summary_large_image","twitter_misc":{"Dur\u00e9e de lecture estim\u00e9e":"2 minutes"},"schema":{"@context":"https:\/\/schema.org","@graph":[{"@type":"WebPage","@id":"https:\/\/futurh.be\/index.php\/plan-et-acces\/","url":"https:\/\/futurh.be\/index.php\/plan-et-acces\/","name":"Plan et acc\u00e8s - Futur H","isPartOf":{"@id":"https:\/\/futurh.be\/#website"},"primaryImageOfPage":{"@id":"https:\/\/futurh.be\/index.php\/plan-et-acces\/#primaryimage"},"image":{"@id":"https:\/\/futurh.be\/index.php\/plan-et-acces\/#primaryimage"},"thumbnailUrl":"https:\/\/futurh.be\/wp-content\/uploads\/2023\/07\/Futur-H-facade-2023-768x1365.jpeg","datePublished":"2023-08-24T12:55:57+00:00","dateModified":"2025-09-04T11:31:09+00:00","breadcrumb":{"@id":"https:\/\/futurh.be\/index.php\/plan-et-acces\/#breadcrumb"},"inLanguage":"fr-FR","potentialAction":[{"@type":"ReadAction","target":["https:\/\/futurh.be\/index.php\/plan-et-acces\/"]}]},{"@type":"ImageObject","inLanguage":"fr-FR","@id":"https:\/\/futurh.be\/index.php\/plan-et-acces\/#primaryimage","url":"https:\/\/futurh.be\/wp-content\/uploads\/2023\/07\/Futur-H-facade-2023-768x1365.jpeg","contentUrl":"https:\/\/futurh.be\/wp-content\/uploads\/2023\/07\/Futur-H-facade-2023-768x1365.jpeg"},{"@type":"BreadcrumbList","@id":"https:\/\/futurh.be\/index.php\/plan-et-acces\/#breadcrumb","itemListElement":[{"@type":"ListItem","position":1,"name":"Accueil","item":"https:\/\/futurh.be\/"},{"@type":"ListItem","position":2,"name":"Plan et acc\u00e8s"}]},{"@type":"WebSite","@id":"https:\/\/futurh.be\/#website","url":"https:\/\/futurh.be\/","name":"Futur H","description":"","publisher":{"@id":"https:\/\/futurh.be\/#organization"},"potentialAction":[{"@type":"SearchAction","target":{"@type":"EntryPoint","urlTemplate":"https:\/\/futurh.be\/?s={search_term_string}"},"query-input":{"@type":"PropertyValueSpecification","valueRequired":true,"valueName":"search_term_string"}}],"inLanguage":"fr-FR"},{"@type":"Organization","@id":"https:\/\/futurh.be\/#organization","name":"FUTUR H ASBL","url":"https:\/\/futurh.be\/","logo":{"@type":"ImageObject","inLanguage":"fr-FR","@id":"https:\/\/futurh.be\/#\/schema\/logo\/image\/","url":"https:\/\/futurh.be\/wp-content\/uploads\/2023\/07\/LOGO_FUTUR-H-e1690377212662.png","contentUrl":"https:\/\/futurh.be\/wp-content\/uploads\/2023\/07\/LOGO_FUTUR-H-e1690377212662.png","width":350,"height":298,"caption":"FUTUR H ASBL"},"image":{"@id":"https:\/\/futurh.be\/#\/schema\/logo\/image\/"},"sameAs":["https:\/\/www.facebook.com\/asbl.Futur.H","https:\/\/www.linkedin.com\/in\/futur-h-asbl-818496221\/"]}]}},"_links":{"self":[{"href":"https:\/\/futurh.be\/index.php\/wp-json\/wp\/v2\/pages\/1657","targetHints":{"allow":["GET"]}}],"collection":[{"href":"https:\/\/futurh.be\/index.php\/wp-json\/wp\/v2\/pages"}],"about":[{"href":"https:\/\/futurh.be\/index.php\/wp-json\/wp\/v2\/types\/page"}],"author":[{"embeddable":true,"href":"https:\/\/futurh.be\/index.php\/wp-json\/wp\/v2\/users\/1"}],"replies":[{"embeddable":true,"href":"https:\/\/futurh.be\/index.php\/wp-json\/wp\/v2\/comments?post=1657"}],"version-history":[{"count":56,"href":"https:\/\/futurh.be\/index.php\/wp-json\/wp\/v2\/pages\/1657\/revisions"}],"predecessor-version":[{"id":2717,"href":"https:\/\/futurh.be\/index.php\/wp-json\/wp\/v2\/pages\/1657\/revisions\/2717"}],"wp:attachment":[{"href":"https:\/\/futurh.be\/index.php\/wp-json\/wp\/v2\/media?parent=1657"}],"curies":[{"name":"wp","href":"https:\/\/api.w.org\/{rel}","templated":true}]}}